{"id":1064,"date":"2023-10-29T17:45:09","date_gmt":"2023-10-29T16:45:09","guid":{"rendered":"https:\/\/virdual-project.eu\/noticias\/"},"modified":"2025-04-17T00:49:06","modified_gmt":"2025-04-16T22:49:06","slug":"noticias","status":"publish","type":"page","link":"https:\/\/virdual-project.eu\/es\/noticias\/","title":{"rendered":"Noticias"},"content":{"rendered":"\t\t<div data-elementor-type=\"wp-page\" data-elementor-id=\"1064\" class=\"elementor elementor-1064 elementor-30\">\n\t\t\t\t\t\t<section class=\"elementor-section elementor-top-section elementor-element elementor-element-2d5106a elementor-section-boxed elementor-section-height-default elementor-section-height-default wpr-particle-no wpr-jarallax-no wpr-parallax-no wpr-sticky-section-no wpr-column-slider-no wpr-equal-height-no\" data-id=\"2d5106a\" data-element_type=\"section\" data-e-type=\"section\" data-settings=\"{&quot;background_background&quot;:&quot;classic&quot;}\">\n\t\t\t\t\t\t\t<div class=\"elementor-background-overlay\"><\/div>\n\t\t\t\t\t\t\t<div class=\"elementor-container elementor-column-gap-default\">\n\t\t\t\t\t<div class=\"elementor-column elementor-col-100 elementor-top-column elementor-element elementor-element-60b92fb\" data-id=\"60b92fb\" data-element_type=\"column\" data-e-type=\"column\">\n\t\t\t<div class=\"elementor-widget-wrap elementor-element-populated\">\n\t\t\t\t\t\t<div class=\"elementor-element elementor-element-e8cf874 elementor-widget elementor-widget-heading\" data-id=\"e8cf874\" data-element_type=\"widget\" data-e-type=\"widget\" data-widget_type=\"heading.default\">\n\t\t\t\t<div class=\"elementor-widget-container\">\n\t\t\t\t\t<h2 class=\"elementor-heading-title elementor-size-default\">Noticias<\/h2>\t\t\t\t<\/div>\n\t\t\t\t<\/div>\n\t\t\t\t<div class=\"elementor-element elementor-element-3931016 elementor-widget elementor-widget-text-editor\" data-id=\"3931016\" data-element_type=\"widget\" data-e-type=\"widget\" data-widget_type=\"text-editor.default\">\n\t\t\t\t<div class=\"elementor-widget-container\">\n\t\t\t\t\t\t\t\t\t<p>VIRDUAL<\/p>\t\t\t\t\t\t\t\t<\/div>\n\t\t\t\t<\/div>\n\t\t\t\t\t<\/div>\n\t\t<\/div>\n\t\t\t\t\t<\/div>\n\t\t<\/section>\n\t\t\t\t<section class=\"elementor-section elementor-top-section elementor-element elementor-element-00940fd elementor-section-boxed elementor-section-height-default elementor-section-height-default wpr-particle-no wpr-jarallax-no wpr-parallax-no wpr-sticky-section-no wpr-column-slider-no wpr-equal-height-no\" data-id=\"00940fd\" data-element_type=\"section\" data-e-type=\"section\">\n\t\t\t\t\t\t<div class=\"elementor-container elementor-column-gap-default\">\n\t\t\t\t\t<div class=\"elementor-column elementor-col-66 elementor-top-column elementor-element elementor-element-3009e45\" data-id=\"3009e45\" data-element_type=\"column\" data-e-type=\"column\">\n\t\t\t<div class=\"elementor-widget-wrap elementor-element-populated\">\n\t\t\t\t\t\t<div class=\"elementor-element elementor-element-ce61a47 wpr-grid-columns-1 wpr-grid-columns--tablet2 wpr-grid-columns--mobile1 wpr-item-styles-inner elementor-invisible elementor-widget elementor-widget-wpr-grid\" data-id=\"ce61a47\" data-element_type=\"widget\" data-e-type=\"widget\" data-settings=\"{&quot;_animation&quot;:&quot;fadeIn&quot;}\" data-widget_type=\"wpr-grid.default\">\n\t\t\t\t<div class=\"elementor-widget-container\">\n\t\t\t\t\t<ul class=\"wpr-grid-filters elementor-clearfix wpr-grid-filters-sep-right\"><li class=\" wpr-pointer-none wpr-pointer-line-fx wpr-pointer-fx-none\"><span  data-filter=\"*\" class=\"wpr-grid-filters-item wpr-active-filter \">Todas las publicaciones<\/span><em class=\"wpr-grid-filters-sep\"><\/em><\/li><li class=\" wpr-pointer-none wpr-pointer-line-fx wpr-pointer-fx-none\"><span   data-ajax-filter=[\"category\",\"sin-categorizar\"]  data-filter=\".category-sin-categorizar\">Sin categorizar<\/span><em class=\"wpr-grid-filters-sep\"><\/em><\/li><\/ul><section class=\"wpr-grid elementor-clearfix\" data-settings=\"{&quot;layout&quot;:&quot;list&quot;,&quot;stick_last_element_to_bottom&quot;:&quot;no&quot;,&quot;columns_desktop&quot;:&quot;1&quot;,&quot;gutter_hr&quot;:22,&quot;gutter_hr_mobile&quot;:22,&quot;gutter_hr_mobile_extra&quot;:22,&quot;gutter_hr_tablet&quot;:22,&quot;gutter_hr_tablet_extra&quot;:22,&quot;gutter_hr_laptop&quot;:22,&quot;gutter_hr_widescreen&quot;:22,&quot;gutter_vr&quot;:36,&quot;gutter_vr_mobile&quot;:36,&quot;gutter_vr_mobile_extra&quot;:36,&quot;gutter_vr_tablet&quot;:36,&quot;gutter_vr_tablet_extra&quot;:36,&quot;gutter_vr_laptop&quot;:36,&quot;gutter_vr_widescreen&quot;:36,&quot;animation&quot;:&quot;default&quot;,&quot;animation_duration&quot;:0.3,&quot;animation_delay&quot;:0.1,&quot;deeplinking&quot;:&quot;&quot;,&quot;filters_linkable&quot;:&quot;no&quot;,&quot;filters_default_filter&quot;:&quot;&quot;,&quot;filters_count&quot;:&quot;&quot;,&quot;filters_hide_empty&quot;:&quot;no&quot;,&quot;filters_animation&quot;:&quot;default&quot;,&quot;filters_animation_duration&quot;:0.3,&quot;filters_animation_delay&quot;:0.1,&quot;pagination_type&quot;:&quot;load-more&quot;,&quot;pagination_max_pages&quot;:1,&quot;media_align&quot;:&quot;left&quot;,&quot;media_width&quot;:56,&quot;media_distance&quot;:7,&quot;lightbox&quot;:{&quot;selector&quot;:&quot;.wpr-grid-image-wrap&quot;,&quot;iframeMaxWidth&quot;:&quot;60%&quot;,&quot;hash&quot;:false,&quot;autoplay&quot;:&quot;true&quot;,&quot;pause&quot;:5000,&quot;progressBar&quot;:&quot;true&quot;,&quot;counter&quot;:&quot;true&quot;,&quot;controls&quot;:&quot;true&quot;,&quot;getCaptionFromTitleOrAlt&quot;:&quot;true&quot;,&quot;thumbnail&quot;:&quot;&quot;,&quot;showThumbByDefault&quot;:&quot;&quot;,&quot;share&quot;:&quot;&quot;,&quot;zoom&quot;:&quot;true&quot;,&quot;fullScreen&quot;:&quot;true&quot;,&quot;download&quot;:&quot;true&quot;}}\" data-advanced-filters=\"no\"><article class=\"wpr-grid-item elementor-clearfix post-1197 post type-post status-publish format-standard has-post-thumbnail hentry category-sin-categorizar\"><div class=\"wpr-grid-item-inner\"><div class=\"wpr-grid-media-wrap wpr-effect-size-medium \" data-overlay-link=\"yes\"><div class=\"wpr-grid-image-wrap\" data-src=\"https:\/\/virdual-project.eu\/wp-content\/uploads\/2025\/04\/wbl-circle.webp\" data-img-on-hover=\"\"  data-src-secondary=\"\"><img decoding=\"async\" data-no-lazy=\"1\" src=\"https:\/\/virdual-project.eu\/wp-content\/uploads\/2025\/04\/wbl-circle.webp\" alt=\"El aprendizaje basado en el trabajo mejora la empleabilidad de los j\u00f3venes\" class=\"wpr-anim-timing-ease-default\"><\/div><div class=\"wpr-grid-media-hover wpr-animation-wrap\"><div class=\"wpr-grid-media-hover-bg  wpr-overlay-fade-in wpr-anim-size-large wpr-anim-timing-ease-default wpr-anim-transparency\" data-url=\"https:\/\/virdual-project.eu\/es\/el-aprendizaje-basado-en-el-trabajo-mejora-la-empleabilidad-de-los-jovenes\/\"><\/div><\/div><\/div><div class=\"wpr-grid-item-below-content elementor-clearfix\"><h2 class=\"wpr-grid-item-title elementor-repeater-item-5491ed9 wpr-grid-item-display-block wpr-grid-item-align-left wpr-pointer-none wpr-pointer-line-fx wpr-pointer-fx-fade\"><div class=\"inner-block\"><a target=\"_self\"  href=\"https:\/\/virdual-project.eu\/es\/el-aprendizaje-basado-en-el-trabajo-mejora-la-empleabilidad-de-los-jovenes\/\">El aprendizaje basado en el trabajo mejora la empleabilidad de los j\u00f3venes<\/a><\/div><\/h2><div class=\"wpr-grid-item-date elementor-repeater-item-1fa5330 wpr-grid-item-display-inline wpr-grid-item-align-left\"><div class=\"inner-block\"><span>14 de noviembre de 2024<span class=\"wpr-grid-extra-text-right\">\/<\/span><\/span><\/div><\/div><div class=\"wpr-grid-item-excerpt elementor-repeater-item-5964dfd wpr-grid-item-display-block wpr-grid-item-align-left\"><div class=\"inner-block\"><p>Adem\u00e1s de la realidad extendida, el aprendizaje a trav\u00e9s del trabajo se ha consolidado en los \u00faltimos a\u00f1os como una...<\/p><\/div><\/div><div class=\"wpr-grid-item-read-more elementor-repeater-item-4f00777 wpr-grid-item-display-block wpr-grid-item-align-left\"><div class=\"inner-block\"><a target=\"_self\" href=\"https:\/\/virdual-project.eu\/es\/el-aprendizaje-basado-en-el-trabajo-mejora-la-empleabilidad-de-los-jovenes\/\" class=\"wpr-button-effect wpr-button-none\"><span>Sigue leyendo<\/span><\/a><\/div><\/div><\/div><\/div><\/article><article class=\"wpr-grid-item elementor-clearfix post-1196 post type-post status-publish format-standard has-post-thumbnail hentry category-sin-categorizar\"><div class=\"wpr-grid-item-inner\"><div class=\"wpr-grid-media-wrap wpr-effect-size-medium \" data-overlay-link=\"yes\"><div class=\"wpr-grid-image-wrap\" data-src=\"https:\/\/virdual-project.eu\/wp-content\/uploads\/2025\/07\/xr-ingenieria-2.webp\" data-img-on-hover=\"\"  data-src-secondary=\"\"><img decoding=\"async\" data-no-lazy=\"1\" src=\"https:\/\/virdual-project.eu\/wp-content\/uploads\/2025\/07\/xr-ingenieria-2.webp\" alt=\"\u00bfC\u00f3mo puede la realidad extendida transformar la Formaci\u00f3n Profesional?\" class=\"wpr-anim-timing-ease-default\"><\/div><div class=\"wpr-grid-media-hover wpr-animation-wrap\"><div class=\"wpr-grid-media-hover-bg  wpr-overlay-fade-in wpr-anim-size-large wpr-anim-timing-ease-default wpr-anim-transparency\" data-url=\"https:\/\/virdual-project.eu\/es\/como-puede-la-realidad-extendida-transformar-la-formacion-profesional\/\"><\/div><\/div><\/div><div class=\"wpr-grid-item-below-content elementor-clearfix\"><h2 class=\"wpr-grid-item-title elementor-repeater-item-5491ed9 wpr-grid-item-display-block wpr-grid-item-align-left wpr-pointer-none wpr-pointer-line-fx wpr-pointer-fx-fade\"><div class=\"inner-block\"><a target=\"_self\"  href=\"https:\/\/virdual-project.eu\/es\/como-puede-la-realidad-extendida-transformar-la-formacion-profesional\/\">\u00bfC\u00f3mo puede la realidad extendida transformar la Formaci\u00f3n Profesional?<\/a><\/div><\/h2><div class=\"wpr-grid-item-date elementor-repeater-item-1fa5330 wpr-grid-item-display-inline wpr-grid-item-align-left\"><div class=\"inner-block\"><span>16 de julio de 2024<span class=\"wpr-grid-extra-text-right\">\/<\/span><\/span><\/div><\/div><div class=\"wpr-grid-item-excerpt elementor-repeater-item-5964dfd wpr-grid-item-display-block wpr-grid-item-align-left\"><div class=\"inner-block\"><p>La realidad extendida permite al usuario crear, colaborar y explorar entornos generados por ordenador como nunca antes hab\u00eda sucedido, desde...<\/p><\/div><\/div><div class=\"wpr-grid-item-read-more elementor-repeater-item-4f00777 wpr-grid-item-display-block wpr-grid-item-align-left\"><div class=\"inner-block\"><a target=\"_self\" href=\"https:\/\/virdual-project.eu\/es\/como-puede-la-realidad-extendida-transformar-la-formacion-profesional\/\" class=\"wpr-button-effect wpr-button-none\"><span>Sigue leyendo<\/span><\/a><\/div><\/div><\/div><\/div><\/article><article class=\"wpr-grid-item elementor-clearfix post-1198 post type-post status-publish format-standard has-post-thumbnail hentry category-sin-categorizar\"><div class=\"wpr-grid-item-inner\"><div class=\"wpr-grid-media-wrap wpr-effect-size-medium \" data-overlay-link=\"yes\"><div class=\"wpr-grid-image-wrap\" data-src=\"https:\/\/virdual-project.eu\/wp-content\/uploads\/2024\/04\/azure-blog-header-672x357-1.jpg\" data-img-on-hover=\"\"  data-src-secondary=\"\"><img decoding=\"async\" data-no-lazy=\"1\" src=\"https:\/\/virdual-project.eu\/wp-content\/uploads\/2024\/04\/azure-blog-header-672x357-1.jpg\" alt=\"El proyecto VIRDUAL supone un impulso a la innovaci\u00f3n digital en la Formaci\u00f3n Profesional\" class=\"wpr-anim-timing-ease-default\"><\/div><div class=\"wpr-grid-media-hover wpr-animation-wrap\"><div class=\"wpr-grid-media-hover-bg  wpr-overlay-fade-in wpr-anim-size-large wpr-anim-timing-ease-default wpr-anim-transparency\" data-url=\"https:\/\/virdual-project.eu\/es\/el-proyecto-virdual-supone-un-impulso-a-la-innovacion-digital-en-la-formacion-profesional\/\"><\/div><\/div><\/div><div class=\"wpr-grid-item-below-content elementor-clearfix\"><h2 class=\"wpr-grid-item-title elementor-repeater-item-5491ed9 wpr-grid-item-display-block wpr-grid-item-align-left wpr-pointer-none wpr-pointer-line-fx wpr-pointer-fx-fade\"><div class=\"inner-block\"><a target=\"_self\"  href=\"https:\/\/virdual-project.eu\/es\/el-proyecto-virdual-supone-un-impulso-a-la-innovacion-digital-en-la-formacion-profesional\/\">El proyecto VIRDUAL supone un impulso a la innovaci\u00f3n digital en la Formaci\u00f3n Profesional<\/a><\/div><\/h2><div class=\"wpr-grid-item-date elementor-repeater-item-1fa5330 wpr-grid-item-display-inline wpr-grid-item-align-left\"><div class=\"inner-block\"><span>14 de abril de 2024<span class=\"wpr-grid-extra-text-right\">\/<\/span><\/span><\/div><\/div><div class=\"wpr-grid-item-excerpt elementor-repeater-item-5964dfd wpr-grid-item-display-block wpr-grid-item-align-left\"><div class=\"inner-block\"><p>VIRDUAL tiene como objetivo impulsar la innovaci\u00f3n digital en la EFP mediante la formaci\u00f3n de profesores y formadores en empresas...<\/p><\/div><\/div><div class=\"wpr-grid-item-read-more elementor-repeater-item-4f00777 wpr-grid-item-display-block wpr-grid-item-align-left\"><div class=\"inner-block\"><a target=\"_self\" href=\"https:\/\/virdual-project.eu\/es\/el-proyecto-virdual-supone-un-impulso-a-la-innovacion-digital-en-la-formacion-profesional\/\" class=\"wpr-button-effect wpr-button-none\"><span>Sigue leyendo<\/span><\/a><\/div><\/div><\/div><\/div><\/article><\/section>\t\t\t\t<\/div>\n\t\t\t\t<\/div>\n\t\t\t\t\t<\/div>\n\t\t<\/div>\n\t\t\t\t<div class=\"elementor-column elementor-col-33 elementor-top-column elementor-element elementor-element-a775f1b\" data-id=\"a775f1b\" data-element_type=\"column\" data-e-type=\"column\">\n\t\t\t<div class=\"elementor-widget-wrap\">\n\t\t\t\t\t\t\t<\/div>\n\t\t<\/div>\n\t\t\t\t\t<\/div>\n\t\t<\/section>\n\t\t\t\t<\/div>\n\t\t","protected":false},"excerpt":{"rendered":"<p>Noticias VIRDUAL Todas las publicaciones General Work-based learning improves the employability of young people 14\/11\/2024\/ In addition to extended reality, work-based learning has established itself in recent years as a key tool for innovation in&#8230; Sigue leyendo How can extended reality transform vocational education and training? 16\/07\/2024\/ Extended reality allows users to create, collaborate and explore computer-generated environments like never before, from the most advanced games to&#8230; Sigue leyendo The VIRDUAL project is a boost to digital innovation in vocational training 14\/04\/2024\/ VIRDUAL aims to boost digital innovation in VET by training teachers and trainers in companies (target audiences of the project)&#8230; Sigue leyendo<\/p>\n","protected":false},"author":1,"featured_media":0,"parent":0,"menu_order":0,"comment_status":"closed","ping_status":"closed","template":"elementor_header_footer","meta":{"footnotes":""},"class_list":["post-1064","page","type-page","status-publish","hentry"],"_links":{"self":[{"href":"https:\/\/virdual-project.eu\/es\/wp-json\/wp\/v2\/pages\/1064","targetHints":{"allow":["GET"]}}],"collection":[{"href":"https:\/\/virdual-project.eu\/es\/wp-json\/wp\/v2\/pages"}],"about":[{"href":"https:\/\/virdual-project.eu\/es\/wp-json\/wp\/v2\/types\/page"}],"author":[{"embeddable":true,"href":"https:\/\/virdual-project.eu\/es\/wp-json\/wp\/v2\/users\/1"}],"replies":[{"embeddable":true,"href":"https:\/\/virdual-project.eu\/es\/wp-json\/wp\/v2\/comments?post=1064"}],"version-history":[{"count":1,"href":"https:\/\/virdual-project.eu\/es\/wp-json\/wp\/v2\/pages\/1064\/revisions"}],"predecessor-version":[{"id":1065,"href":"https:\/\/virdual-project.eu\/es\/wp-json\/wp\/v2\/pages\/1064\/revisions\/1065"}],"wp:attachment":[{"href":"https:\/\/virdual-project.eu\/es\/wp-json\/wp\/v2\/media?parent=1064"}],"curies":[{"name":"wp","href":"https:\/\/api.w.org\/{rel}","templated":true}]}}